{"id":453,"date":"2025-09-09T07:33:41","date_gmt":"2025-09-09T07:33:41","guid":{"rendered":"https:\/\/de.colaw.uobaghdad.edu.iq\/?page_id=453"},"modified":"2025-09-09T07:33:41","modified_gmt":"2025-09-09T07:33:41","slug":"postgraduierten-zulassungsplan-fuer-das-akademische-jahr-2024-2025","status":"publish","type":"page","link":"https:\/\/de.colaw.uobaghdad.edu.iq\/?page_id=453","title":{"rendered":"Postgraduierten-Zulassungsplan f\u00fcr das akademische Jahr 2024\/2025"},"content":{"rendered":"<p style=\"text-align: center;\">\n<table id=\"tablepress-1\" class=\"tablepress tablepress-id-1\">\n<thead>\n<tr class=\"row-1\">\n\t<th class=\"column-1\">Wissenschaft-licher Zweig<\/th><th class=\"column-2\">Fach<\/th><th class=\"column-3\">Fach-Spezialisierung<\/th><th class=\"column-4\">Akademische Grade<\/th><th class=\"column-5\">Anzahl der Zulassungs-pl\u00e4tze (geb\u00fchrenfrei)<\/th><th class=\"column-6\">Anzahl der Zulassungs-pl\u00e4tze (geb\u00fchren-pflichtig)<\/th>\n<\/tr>\n<\/thead>\n<tbody class=\"row-striping row-hover\">\n<tr class=\"row-2\">\n\t<td class=\"column-1\">Privatrecht<\/td><td class=\"column-2\">Rechtswissenschaft<\/td><td class=\"column-3\">Privatrecht t<\/td><td class=\"column-4\">PhD<\/td><td class=\"column-5\">6<\/td><td class=\"column-6\">9<\/td>\n<\/tr>\n<tr class=\"row-3\">\n\t<td class=\"column-1\"><\/td><td class=\"column-2\">(Jura)<\/td><td class=\"column-3\"><\/td><td class=\"column-4\"><\/td><td class=\"column-5\"><\/td><td class=\"column-6\"><\/td>\n<\/tr>\n<tr class=\"row-4\">\n\t<td class=\"column-1\"><\/td><td class=\"column-2\"><\/td><td class=\"column-3\"><\/td><td class=\"column-4\"><\/td><td class=\"column-5\"><\/td><td class=\"column-6\"><\/td>\n<\/tr>\n<tr class=\"row-5\">\n\t<td class=\"column-1\">Privatrecht<\/td><td class=\"column-2\">Rechtswissenschaft<\/td><td class=\"column-3\">Privatrecht<\/td><td class=\"column-4\">MA.<\/td><td class=\"column-5\">6<\/td><td class=\"column-6\">9<\/td>\n<\/tr>\n<tr class=\"row-6\">\n\t<td class=\"column-1\"><\/td><td class=\"column-2\">(Jura)<\/td><td class=\"column-3\"><\/td><td class=\"column-4\"><\/td><td class=\"column-5\"><\/td><td class=\"column-6\"><\/td>\n<\/tr>\n<tr class=\"row-7\">\n\t<td class=\"column-1\"><\/td><td class=\"column-2\"><\/td><td class=\"column-3\"><\/td><td class=\"column-4\"><\/td><td class=\"column-5\"><\/td><td class=\"column-6\"><\/td>\n<\/tr>\n<tr class=\"row-8\">\n\t<td class=\"column-1\">Allg. Recht<\/td><td class=\"column-2\">Rechtswissenschaft<\/td><td class=\"column-3\">Allg.Recht<\/td><td class=\"column-4\">PhD<\/td><td class=\"column-5\">4<\/td><td class=\"column-6\">6<\/td>\n<\/tr>\n<tr class=\"row-9\">\n\t<td class=\"column-1\"><\/td><td class=\"column-2\">(Jura)<\/td><td class=\"column-3\"><\/td><td class=\"column-4\"><\/td><td class=\"column-5\"><\/td><td class=\"column-6\"><\/td>\n<\/tr>\n<tr class=\"row-10\">\n\t<td class=\"column-1\"><\/td><td class=\"column-2\"><\/td><td class=\"column-3\"><\/td><td class=\"column-4\"><\/td><td class=\"column-5\"><\/td><td class=\"column-6\"><\/td>\n<\/tr>\n<tr class=\"row-11\">\n\t<td class=\"column-1\">Allg. Recht<\/td><td class=\"column-2\">Rechtswissenschaft<\/td><td class=\"column-3\">Allg. Recht<\/td><td class=\"column-4\">MA.<\/td><td class=\"column-5\">4<\/td><td class=\"column-6\">6<\/td>\n<\/tr>\n<tr class=\"row-12\">\n\t<td class=\"column-1\"><\/td><td class=\"column-2\">(Jura)<\/td><td class=\"column-3\"><\/td><td class=\"column-4\"><\/td><td class=\"column-5\"><\/td><td class=\"column-6\"><\/td>\n<\/tr>\n<tr class=\"row-13\">\n\t<td class=\"column-1\"><\/td><td class=\"column-2\"><\/td><td class=\"column-3\"><\/td><td class=\"column-4\"><\/td><td class=\"column-5\"><\/td><td class=\"column-6\"><\/td>\n<\/tr>\n<tr class=\"row-14\">\n\t<td class=\"column-1\">Strafrecht<\/td><td class=\"column-2\">Rechtswissenschaft<\/td><td class=\"column-3\">Strafrecht<\/td><td class=\"column-4\">PhD.<\/td><td class=\"column-5\">---<\/td><td class=\"column-6\">---<\/td>\n<\/tr>\n<tr class=\"row-15\">\n\t<td class=\"column-1\"><\/td><td class=\"column-2\">(Jura)<\/td><td class=\"column-3\"><\/td><td class=\"column-4\"><\/td><td class=\"column-5\"><\/td><td class=\"column-6\"><\/td>\n<\/tr>\n<tr class=\"row-16\">\n\t<td class=\"column-1\"><\/td><td class=\"column-2\"><\/td><td class=\"column-3\"><\/td><td class=\"column-4\"><\/td><td class=\"column-5\"><\/td><td class=\"column-6\"><\/td>\n<\/tr>\n<tr class=\"row-17\">\n\t<td class=\"column-1\">Strafrecht<\/td><td class=\"column-2\">Rechtswissenschaft<\/td><td class=\"column-3\">Strafrecht<\/td><td class=\"column-4\">MA.<\/td><td class=\"column-5\">---<\/td><td class=\"column-6\">---<\/td>\n<\/tr>\n<tr class=\"row-18\">\n\t<td class=\"column-1\"><\/td><td class=\"column-2\">(Jura)<\/td><td class=\"column-3\"><\/td><td class=\"column-4\"><\/td><td class=\"column-5\"><\/td><td class=\"column-6\"><\/td>\n<\/tr>\n<tr class=\"row-19\">\n\t<td class=\"column-1\"><\/td><td class=\"column-2\"><\/td><td class=\"column-3\"><\/td><td class=\"column-4\"><\/td><td class=\"column-5\"><\/td><td class=\"column-6\"><\/td>\n<\/tr>\n<tr class=\"row-20\">\n\t<td class=\"column-1\">Internationales Recht<\/td><td class=\"column-2\">Rechtswissenschaft<\/td><td class=\"column-3\">Internationales Recht<\/td><td class=\"column-4\">PhD<\/td><td class=\"column-5\">---<\/td><td class=\"column-6\">---<\/td>\n<\/tr>\n<tr class=\"row-21\">\n\t<td class=\"column-1\"><\/td><td class=\"column-2\">(Jura)<\/td><td class=\"column-3\"><\/td><td class=\"column-4\"><\/td><td class=\"column-5\"><\/td><td class=\"column-6\"><\/td>\n<\/tr>\n<tr class=\"row-22\">\n\t<td class=\"column-1\"><\/td><td class=\"column-2\"><\/td><td class=\"column-3\"><\/td><td class=\"column-4\"><\/td><td class=\"column-5\"><\/td><td class=\"column-6\"><\/td>\n<\/tr>\n<tr class=\"row-23\">\n\t<td class=\"column-1\">Internationales Recht<\/td><td class=\"column-2\">Rechtswissenschaft<\/td><td class=\"column-3\">Internationales Recht<\/td><td class=\"column-4\">MA.<\/td><td class=\"column-5\">---<\/td><td class=\"column-6\">---<\/td>\n<\/tr>\n<tr class=\"row-24\">\n\t<td class=\"column-1\"><\/td><td class=\"column-2\">(Jura)<\/td><td class=\"column-3\"><\/td><td class=\"column-4\"><\/td><td class=\"column-5\"><\/td><td class=\"column-6\"><\/td>\n<\/tr>\n<\/tbody>\n<\/table>\n<!-- #tablepress-1 from cache --><\/p>\n","protected":false},"excerpt":{"rendered":"Wissenschaft-licher ZweigFachFach-SpezialisierungAkademische GradeAnzahl der Zulassungs-pl\u00e4tze (geb\u00fchrenfrei)Anzahl der Zulassungs-pl\u00e4tze (geb\u00fchren-pflichtig) PrivatrechtRechtswissenschaftPrivatrecht tPhD69 (Jura) PrivatrechtRechtswissenschaftPrivatrechtMA.69 (Jura) Allg. RechtRechtswissenschaftAllg.RechtPhD46 (Jura) Allg. RechtRechtswissenschaftAllg. RechtMA.46","protected":false},"author":18,"featured_media":0,"parent":0,"menu_order":0,"comment_status":"closed","ping_status":"closed","template":"","meta":{"_lmt_disableupdate":"","_lmt_disable":"","footnotes":""},"class_list":["post-453","page","type-page","status-publish","hentry"],"yoast_head":"<!-- This site is optimized with the Yoast SEO plugin v25.8 - https:\/\/yoast.com\/wordpress\/plugins\/seo\/ -->\n<title>Postgraduierten-Zulassungsplan f\u00fcr das akademische Jahr 2024\/2025 - Hochschule f\u00fcr Rechtswissenschaften<\/title>\n<meta name=\"robots\" content=\"index, follow, max-snippet:-1, max-image-preview:large, max-video-preview:-1\" \/>\n<link rel=\"canonical\" href=\"https:\/\/de.colaw.uobaghdad.edu.iq\/?page_id=453\" \/>\n<meta property=\"og:locale\" content=\"de_DE\" \/>\n<meta property=\"og:type\" content=\"article\" \/>\n<meta property=\"og:title\" content=\"Postgraduierten-Zulassungsplan f\u00fcr das akademische Jahr 2024\/2025 - Hochschule f\u00fcr Rechtswissenschaften\" \/>\n<meta property=\"og:url\" content=\"https:\/\/de.colaw.uobaghdad.edu.iq\/?page_id=453\" \/>\n<meta property=\"og:site_name\" content=\"Hochschule f\u00fcr Rechtswissenschaften\" \/>\n<meta name=\"twitter:card\" content=\"summary_large_image\" \/>\n<meta name=\"twitter:label1\" content=\"Gesch\u00e4tzte Lesezeit\" \/>\n\t<meta name=\"twitter:data1\" content=\"1\u00a0Minute\" \/>\n<script type=\"application\/ld+json\" class=\"yoast-schema-graph\">{\"@context\":\"https:\/\/schema.org\",\"@graph\":[{\"@type\":\"WebPage\",\"@id\":\"https:\/\/de.colaw.uobaghdad.edu.iq\/?page_id=453\",\"url\":\"https:\/\/de.colaw.uobaghdad.edu.iq\/?page_id=453\",\"name\":\"Postgraduierten-Zulassungsplan f\u00fcr das akademische Jahr 2024\/2025 - Hochschule f\u00fcr Rechtswissenschaften\",\"isPartOf\":{\"@id\":\"https:\/\/de.colaw.uobaghdad.edu.iq\/#website\"},\"datePublished\":\"2025-09-09T07:33:41+00:00\",\"breadcrumb\":{\"@id\":\"https:\/\/de.colaw.uobaghdad.edu.iq\/?page_id=453#breadcrumb\"},\"inLanguage\":\"de\",\"potentialAction\":[{\"@type\":\"ReadAction\",\"target\":[\"https:\/\/de.colaw.uobaghdad.edu.iq\/?page_id=453\"]}]},{\"@type\":\"BreadcrumbList\",\"@id\":\"https:\/\/de.colaw.uobaghdad.edu.iq\/?page_id=453#breadcrumb\",\"itemListElement\":[{\"@type\":\"ListItem\",\"position\":1,\"name\":\"Home\",\"item\":\"https:\/\/de.colaw.uobaghdad.edu.iq\/\"},{\"@type\":\"ListItem\",\"position\":2,\"name\":\"Postgraduierten-Zulassungsplan f\u00fcr das akademische Jahr 2024\/2025\"}]},{\"@type\":\"WebSite\",\"@id\":\"https:\/\/de.colaw.uobaghdad.edu.iq\/#website\",\"url\":\"https:\/\/de.colaw.uobaghdad.edu.iq\/\",\"name\":\"Hochschule f\u00fcr Rechtswissenschaften\",\"description\":\"University of baghdad\",\"potentialAction\":[{\"@type\":\"SearchAction\",\"target\":{\"@type\":\"EntryPoint\",\"urlTemplate\":\"https:\/\/de.colaw.uobaghdad.edu.iq\/?s={search_term_string}\"},\"query-input\":{\"@type\":\"PropertyValueSpecification\",\"valueRequired\":true,\"valueName\":\"search_term_string\"}}],\"inLanguage\":\"de\"}]}<\/script>\n<!-- \/ Yoast SEO plugin. -->","yoast_head_json":{"title":"Postgraduierten-Zulassungsplan f\u00fcr das akademische Jahr 2024\/2025 - Hochschule f\u00fcr Rechtswissenschaften","robots":{"index":"index","follow":"follow","max-snippet":"max-snippet:-1","max-image-preview":"max-image-preview:large","max-video-preview":"max-video-preview:-1"},"canonical":"https:\/\/de.colaw.uobaghdad.edu.iq\/?page_id=453","og_locale":"de_DE","og_type":"article","og_title":"Postgraduierten-Zulassungsplan f\u00fcr das akademische Jahr 2024\/2025 - Hochschule f\u00fcr Rechtswissenschaften","og_url":"https:\/\/de.colaw.uobaghdad.edu.iq\/?page_id=453","og_site_name":"Hochschule f\u00fcr Rechtswissenschaften","twitter_card":"summary_large_image","twitter_misc":{"Gesch\u00e4tzte Lesezeit":"1\u00a0Minute"},"schema":{"@context":"https:\/\/schema.org","@graph":[{"@type":"WebPage","@id":"https:\/\/de.colaw.uobaghdad.edu.iq\/?page_id=453","url":"https:\/\/de.colaw.uobaghdad.edu.iq\/?page_id=453","name":"Postgraduierten-Zulassungsplan f\u00fcr das akademische Jahr 2024\/2025 - Hochschule f\u00fcr Rechtswissenschaften","isPartOf":{"@id":"https:\/\/de.colaw.uobaghdad.edu.iq\/#website"},"datePublished":"2025-09-09T07:33:41+00:00","breadcrumb":{"@id":"https:\/\/de.colaw.uobaghdad.edu.iq\/?page_id=453#breadcrumb"},"inLanguage":"de","potentialAction":[{"@type":"ReadAction","target":["https:\/\/de.colaw.uobaghdad.edu.iq\/?page_id=453"]}]},{"@type":"BreadcrumbList","@id":"https:\/\/de.colaw.uobaghdad.edu.iq\/?page_id=453#breadcrumb","itemListElement":[{"@type":"ListItem","position":1,"name":"Home","item":"https:\/\/de.colaw.uobaghdad.edu.iq\/"},{"@type":"ListItem","position":2,"name":"Postgraduierten-Zulassungsplan f\u00fcr das akademische Jahr 2024\/2025"}]},{"@type":"WebSite","@id":"https:\/\/de.colaw.uobaghdad.edu.iq\/#website","url":"https:\/\/de.colaw.uobaghdad.edu.iq\/","name":"Hochschule f\u00fcr Rechtswissenschaften","description":"University of baghdad","potentialAction":[{"@type":"SearchAction","target":{"@type":"EntryPoint","urlTemplate":"https:\/\/de.colaw.uobaghdad.edu.iq\/?s={search_term_string}"},"query-input":{"@type":"PropertyValueSpecification","valueRequired":true,"valueName":"search_term_string"}}],"inLanguage":"de"}]}},"_links":{"self":[{"href":"https:\/\/de.colaw.uobaghdad.edu.iq\/index.php?rest_route=\/wp\/v2\/pages\/453","targetHints":{"allow":["GET"]}}],"collection":[{"href":"https:\/\/de.colaw.uobaghdad.edu.iq\/index.php?rest_route=\/wp\/v2\/pages"}],"about":[{"href":"https:\/\/de.colaw.uobaghdad.edu.iq\/index.php?rest_route=\/wp\/v2\/types\/page"}],"author":[{"embeddable":true,"href":"https:\/\/de.colaw.uobaghdad.edu.iq\/index.php?rest_route=\/wp\/v2\/users\/18"}],"replies":[{"embeddable":true,"href":"https:\/\/de.colaw.uobaghdad.edu.iq\/index.php?rest_route=%2Fwp%2Fv2%2Fcomments&post=453"}],"version-history":[{"count":1,"href":"https:\/\/de.colaw.uobaghdad.edu.iq\/index.php?rest_route=\/wp\/v2\/pages\/453\/revisions"}],"predecessor-version":[{"id":456,"href":"https:\/\/de.colaw.uobaghdad.edu.iq\/index.php?rest_route=\/wp\/v2\/pages\/453\/revisions\/456"}],"wp:attachment":[{"href":"https:\/\/de.colaw.uobaghdad.edu.iq\/index.php?rest_route=%2Fwp%2Fv2%2Fmedia&parent=453"}],"curies":[{"name":"wp","href":"https:\/\/api.w.org\/{rel}","templated":true}]}}