{"id":449,"date":"2025-09-09T07:30:46","date_gmt":"2025-09-09T07:30:46","guid":{"rendered":"https:\/\/de.colaw.uobaghdad.edu.iq\/?page_id=449"},"modified":"2025-09-09T07:30:46","modified_gmt":"2025-09-09T07:30:46","slug":"auswirkung-des-gesetzes-auf-die-irakische-politik-im-allgemeinen","status":"publish","type":"page","link":"https:\/\/de.colaw.uobaghdad.edu.iq\/?page_id=449","title":{"rendered":"Auswirkung des Gesetzes auf die irakische Politik im Allgemeinen"},"content":{"rendered":"<ul>\n<li style=\"text-align: justify;\"><span style=\"font-size: 18px;\"><strong>Kazem Abdullah Hussein Al-Shammari, Dozent in der Abteilung f\u00fcr Strafrecht an unserer Hochschule, nahm an dem Ausschuss zur Entwicklung eines Gesetzentwurfs zur \u00c4nderung des Strafgesetzbuches teil, wie aus einem Schreiben der Pr\u00e4sidentschaft des Ministerrats hervorgeht.<\/strong><\/span><\/li>\n<li style=\"text-align: justify;\"><span style=\"font-size: 18px;\"><strong>Als Mitglieder des Industriebeirats nahmen der Dekan der Fakult\u00e4t f\u00fcr Rechtswissenschaft (Prof. Ali Hadi Attia), der wissenschaftliche Assistent (Prof. Dr. Jalil Hassan Bachat) und Dr. (Prof. Dr. Taghreed Muhammad Qaddouri), Leiter der Abteilung \u00f6ffentliches Recht, teil.<\/strong><\/span><\/li>\n<li style=\"text-align: justify;\"><span style=\"font-size: 18px;\"><strong>(Prof. Dr. Saba Noman Rashid) und Dr. (Prof. Dr. Rasha Muhammad Jaafar), Lehrkr\u00e4fte in der Abteilung f\u00fcr \u00f6ffentliches Recht an unserer Hochschule, waren an der Erstellung des Rechtsgutachtens zum Gesetzentwurf \u00fcber Universit\u00e4tskliniken beteiligt.<\/strong><\/span><\/li>\n<li style=\"text-align: justify;\"><span style=\"font-size: 18px;\"><strong>(Prof. Dr. Ban Salah Abdel Qader), der Dozent f\u00fcr \u00f6ffentliches Recht an unserer Hochschule, beteiligte sich an einer Stellungnahme zu einem Rechtsgutachten \u00fcber bilaterale Doppelbesteuerungsabkommen zwischen dem Irak und arabischen sowie ausl\u00e4ndischen L\u00e4ndern.<\/strong><\/span><\/li>\n<li style=\"text-align: justify;\"><span style=\"font-size: 18px;\"><strong>(Prof. Taghreed Mohammed Qaddouri), Abteilungsleiterin f\u00fcr \u00f6ffentliches Recht, war an der Ver\u00f6ffentlichung des ersten Berichts des Programms zur Nachverfolgung von Prozessen in gro\u00dfen Korruptionsf\u00e4llen im Rahmen der Antikorruptionsinitiative sowie des Berichts \u00fcber Handelsschiedsverfahren des Entwicklungsprogramms der Vereinten Nationen beteiligt.<\/strong><\/span><\/li>\n<li style=\"text-align: justify;\"><span style=\"font-size: 18px;\"><strong>Am Donnerstag, dem 30. Mai 2024, nahm der Dekan der Fakult\u00e4t f\u00fcr Rechtswissenschaft (Prof. Ali Hadi Attia) sowie Dr. (Prof. Maha Bahjat Younis), Dozentin f\u00fcr \u00f6ffentliches Recht an unserer Hochschule f\u00fcr Rechtswissenschaft, an einer Dialogsitzung teil, die vom Repr\u00e4sentantenhaus in Zusammenarbeit mit der europ\u00e4ischen Stiftung f\u00fcr Dialog und Entwicklung organisiert wurde.<\/strong><\/span><\/li>\n<\/ul>\n<p style=\"text-align: justify;\"><span style=\"font-size: 18px;\"><strong>\u00a0Die Sitzung trug den Titel \u201eDimensionen des Verfassungsrechts und der Verfassungspolitik f\u00fcr die Pr\u00e4ambel der irakischen Verfassung sowie die darin enthaltenen Grundprinzipien und die Regeln f\u00fcr ihre \u00c4nderung\u201c.<\/strong><\/span><\/p>\n<ul>\n<li style=\"text-align: justify;\"><span style=\"font-size: 18px;\"><strong>Dr. Mustafa Salem Abd, der Leiter der Abteilung f\u00fcr V\u00f6lkerrecht an unserer Hochschule, nahm am 26.12.2024 an einer Sitzung des Ausschusses teil, die sich mit der Entwicklung von Mechanismen und Kontrollen f\u00fcr das Rehabilitationsprogramm zur Problematik der Fl\u00fcsse im Irak in Zusammenarbeit mit den Nachbarl\u00e4ndern befasste. Bei dieser Sitzung wurde der Entwurf des Rehabilitationsprogramms in seiner endg\u00fcltigen Form diskutiert und fand am Sitz des Ministeriums f\u00fcr Wasserressourcen statt.<\/strong><\/span><\/li>\n<\/ul>\n","protected":false},"excerpt":{"rendered":"<p>Kazem Abdullah Hussein Al-Shammari, Dozent in der Abteilung f\u00fcr Strafrecht an &#8230; <\/p>\n","protected":false},"author":18,"featured_media":0,"parent":0,"menu_order":0,"comment_status":"closed","ping_status":"closed","template":"","meta":{"_lmt_disableupdate":"","_lmt_disable":"","footnotes":""},"class_list":["post-449","page","type-page","status-publish","hentry"],"yoast_head":"<!-- This site is optimized with the Yoast SEO plugin v25.8 - https:\/\/yoast.com\/wordpress\/plugins\/seo\/ -->\n<title>Auswirkung des Gesetzes auf die irakische Politik im Allgemeinen - Hochschule f\u00fcr Rechtswissenschaften<\/title>\n<meta name=\"robots\" content=\"index, follow, max-snippet:-1, max-image-preview:large, max-video-preview:-1\" \/>\n<link rel=\"canonical\" href=\"https:\/\/de.colaw.uobaghdad.edu.iq\/?page_id=449\" \/>\n<meta property=\"og:locale\" content=\"de_DE\" \/>\n<meta property=\"og:type\" content=\"article\" \/>\n<meta property=\"og:title\" content=\"Auswirkung des Gesetzes auf die irakische Politik im Allgemeinen - Hochschule f\u00fcr Rechtswissenschaften\" \/>\n<meta property=\"og:description\" content=\"Kazem Abdullah Hussein Al-Shammari, Dozent in der Abteilung f\u00fcr Strafrecht an ...\" \/>\n<meta property=\"og:url\" content=\"https:\/\/de.colaw.uobaghdad.edu.iq\/?page_id=449\" \/>\n<meta property=\"og:site_name\" content=\"Hochschule f\u00fcr Rechtswissenschaften\" \/>\n<meta name=\"twitter:card\" content=\"summary_large_image\" \/>\n<meta name=\"twitter:label1\" content=\"Gesch\u00e4tzte Lesezeit\" \/>\n\t<meta name=\"twitter:data1\" content=\"2\u00a0Minuten\" \/>\n<script type=\"application\/ld+json\" class=\"yoast-schema-graph\">{\"@context\":\"https:\/\/schema.org\",\"@graph\":[{\"@type\":\"WebPage\",\"@id\":\"https:\/\/de.colaw.uobaghdad.edu.iq\/?page_id=449\",\"url\":\"https:\/\/de.colaw.uobaghdad.edu.iq\/?page_id=449\",\"name\":\"Auswirkung des Gesetzes auf die irakische Politik im Allgemeinen - Hochschule f\u00fcr Rechtswissenschaften\",\"isPartOf\":{\"@id\":\"https:\/\/de.colaw.uobaghdad.edu.iq\/#website\"},\"datePublished\":\"2025-09-09T07:30:46+00:00\",\"breadcrumb\":{\"@id\":\"https:\/\/de.colaw.uobaghdad.edu.iq\/?page_id=449#breadcrumb\"},\"inLanguage\":\"de\",\"potentialAction\":[{\"@type\":\"ReadAction\",\"target\":[\"https:\/\/de.colaw.uobaghdad.edu.iq\/?page_id=449\"]}]},{\"@type\":\"BreadcrumbList\",\"@id\":\"https:\/\/de.colaw.uobaghdad.edu.iq\/?page_id=449#breadcrumb\",\"itemListElement\":[{\"@type\":\"ListItem\",\"position\":1,\"name\":\"Home\",\"item\":\"https:\/\/de.colaw.uobaghdad.edu.iq\/\"},{\"@type\":\"ListItem\",\"position\":2,\"name\":\"Auswirkung des Gesetzes auf die irakische Politik im Allgemeinen\"}]},{\"@type\":\"WebSite\",\"@id\":\"https:\/\/de.colaw.uobaghdad.edu.iq\/#website\",\"url\":\"https:\/\/de.colaw.uobaghdad.edu.iq\/\",\"name\":\"Hochschule f\u00fcr Rechtswissenschaften\",\"description\":\"University of baghdad\",\"potentialAction\":[{\"@type\":\"SearchAction\",\"target\":{\"@type\":\"EntryPoint\",\"urlTemplate\":\"https:\/\/de.colaw.uobaghdad.edu.iq\/?s={search_term_string}\"},\"query-input\":{\"@type\":\"PropertyValueSpecification\",\"valueRequired\":true,\"valueName\":\"search_term_string\"}}],\"inLanguage\":\"de\"}]}<\/script>\n<!-- \/ Yoast SEO plugin. -->","yoast_head_json":{"title":"Auswirkung des Gesetzes auf die irakische Politik im Allgemeinen - Hochschule f\u00fcr Rechtswissenschaften","robots":{"index":"index","follow":"follow","max-snippet":"max-snippet:-1","max-image-preview":"max-image-preview:large","max-video-preview":"max-video-preview:-1"},"canonical":"https:\/\/de.colaw.uobaghdad.edu.iq\/?page_id=449","og_locale":"de_DE","og_type":"article","og_title":"Auswirkung des Gesetzes auf die irakische Politik im Allgemeinen - Hochschule f\u00fcr Rechtswissenschaften","og_description":"Kazem Abdullah Hussein Al-Shammari, Dozent in der Abteilung f\u00fcr Strafrecht an ...","og_url":"https:\/\/de.colaw.uobaghdad.edu.iq\/?page_id=449","og_site_name":"Hochschule f\u00fcr Rechtswissenschaften","twitter_card":"summary_large_image","twitter_misc":{"Gesch\u00e4tzte Lesezeit":"2\u00a0Minuten"},"schema":{"@context":"https:\/\/schema.org","@graph":[{"@type":"WebPage","@id":"https:\/\/de.colaw.uobaghdad.edu.iq\/?page_id=449","url":"https:\/\/de.colaw.uobaghdad.edu.iq\/?page_id=449","name":"Auswirkung des Gesetzes auf die irakische Politik im Allgemeinen - Hochschule f\u00fcr Rechtswissenschaften","isPartOf":{"@id":"https:\/\/de.colaw.uobaghdad.edu.iq\/#website"},"datePublished":"2025-09-09T07:30:46+00:00","breadcrumb":{"@id":"https:\/\/de.colaw.uobaghdad.edu.iq\/?page_id=449#breadcrumb"},"inLanguage":"de","potentialAction":[{"@type":"ReadAction","target":["https:\/\/de.colaw.uobaghdad.edu.iq\/?page_id=449"]}]},{"@type":"BreadcrumbList","@id":"https:\/\/de.colaw.uobaghdad.edu.iq\/?page_id=449#breadcrumb","itemListElement":[{"@type":"ListItem","position":1,"name":"Home","item":"https:\/\/de.colaw.uobaghdad.edu.iq\/"},{"@type":"ListItem","position":2,"name":"Auswirkung des Gesetzes auf die irakische Politik im Allgemeinen"}]},{"@type":"WebSite","@id":"https:\/\/de.colaw.uobaghdad.edu.iq\/#website","url":"https:\/\/de.colaw.uobaghdad.edu.iq\/","name":"Hochschule f\u00fcr Rechtswissenschaften","description":"University of baghdad","potentialAction":[{"@type":"SearchAction","target":{"@type":"EntryPoint","urlTemplate":"https:\/\/de.colaw.uobaghdad.edu.iq\/?s={search_term_string}"},"query-input":{"@type":"PropertyValueSpecification","valueRequired":true,"valueName":"search_term_string"}}],"inLanguage":"de"}]}},"_links":{"self":[{"href":"https:\/\/de.colaw.uobaghdad.edu.iq\/index.php?rest_route=\/wp\/v2\/pages\/449","targetHints":{"allow":["GET"]}}],"collection":[{"href":"https:\/\/de.colaw.uobaghdad.edu.iq\/index.php?rest_route=\/wp\/v2\/pages"}],"about":[{"href":"https:\/\/de.colaw.uobaghdad.edu.iq\/index.php?rest_route=\/wp\/v2\/types\/page"}],"author":[{"embeddable":true,"href":"https:\/\/de.colaw.uobaghdad.edu.iq\/index.php?rest_route=\/wp\/v2\/users\/18"}],"replies":[{"embeddable":true,"href":"https:\/\/de.colaw.uobaghdad.edu.iq\/index.php?rest_route=%2Fwp%2Fv2%2Fcomments&post=449"}],"version-history":[{"count":1,"href":"https:\/\/de.colaw.uobaghdad.edu.iq\/index.php?rest_route=\/wp\/v2\/pages\/449\/revisions"}],"predecessor-version":[{"id":451,"href":"https:\/\/de.colaw.uobaghdad.edu.iq\/index.php?rest_route=\/wp\/v2\/pages\/449\/revisions\/451"}],"wp:attachment":[{"href":"https:\/\/de.colaw.uobaghdad.edu.iq\/index.php?rest_route=%2Fwp%2Fv2%2Fmedia&parent=449"}],"curies":[{"name":"wp","href":"https:\/\/api.w.org\/{rel}","templated":true}]}}