{"id":430,"date":"2025-08-07T11:01:57","date_gmt":"2025-08-07T11:01:57","guid":{"rendered":"https:\/\/de.colaw.uobaghdad.edu.iq\/?page_id=430"},"modified":"2025-08-07T11:01:57","modified_gmt":"2025-08-07T11:01:57","slug":"lehrlaboratorien-an-der-fakultaet-fuer-rechtswissenschaft-jura","status":"publish","type":"page","link":"https:\/\/de.colaw.uobaghdad.edu.iq\/?page_id=430","title":{"rendered":"Lehrlaboratorien an der Fakult\u00e4t f\u00fcr Rechtswissenschaft (Jura)"},"content":{"rendered":"<p style=\"text-align: justify;\"><span style=\"font-size: 18px; color: #f5c538;\"><strong>\u00dcber die Labore<\/strong><\/span><\/p>\n<p style=\"text-align: justify;\"><span style=\"font-size: 18px;\"><strong>Aufgrund der Bedeutung und N\u00fctzlichkeit des Taschenrechners bei der Erf\u00fcllung der ihm anvertrauten Aufgaben wie der Bereitstellung von Dienstleistungen, der Ausbildung, dem Aufbau von Systemen und der Bereitstellung von Netzwerkdiensten f\u00fcr Informationen ist das Computerlabor eine der Formationen der Juristischen Fakult\u00e4t. In der Juristischen Fakult\u00e4t gibt es zwei Laboratorien f\u00fcr Vorstudien, die m Im Rahmen des Praktikums werden Computerf\u00e4cher (Office-Anwendungen f\u00fcr Word, Excel und Power Point) mit einer Stunde pro Woche gelehrt.<\/strong><\/span><\/p>\n<p style=\"text-align: justify;\"><span style=\"font-size: 18px; color: #f5c538;\"><strong>Vision, Mission und Ziele<\/strong><\/span><\/p>\n<h2 style=\"text-align: justify;\"><span style=\"font-size: 18px; color: #f5c538;\"><strong>Vision<\/strong><\/span><\/h2>\n<p style=\"text-align: justify;\"><span style=\"font-size: 18px;\"><strong>Bildung einer angesehenen wissenschaftlichen Basis auf dem Gebiet der Computer in Bezug auf Informatik und Anwendungen, um qualifizierte Absolventen auf den effizienten Umgang mit angewandter und Informationssoftware vorzubereiten und geeignete M\u00f6glichkeiten zur Entwicklung der gesellschaftlichen F\u00e4higkeiten zu bieten, in die Entwicklung der Informationstechnologie zu investieren und ihre Bed\u00fcrfnisse zu erf\u00fcllen.<\/strong><\/span><\/p>\n<p style=\"text-align: justify;\"><span style=\"font-size: 18px;\"><strong>\u00a0<\/strong><\/span><span style=\"font-size: 18px; color: #f5c538;\"><strong>Mission<\/strong><\/span><\/p>\n<ul style=\"text-align: justify;\">\n<li><span style=\"font-size: 18px;\"><strong>Sicherstellung des Prozesses der Dokumentation moderner wissenschaftlicher Techniken zur Simulation von Wissenschaft im Rahmen der Aktivit\u00e4ten von Bildungslaboratorien<\/strong><\/span><\/li>\n<li><span style=\"font-size: 18px;\"><strong>Schulung des technischen Personals im Labor mit Programmen, die ihre F\u00e4higkeiten und Kenntnisse im praktischen Ausbildungsweg f\u00fcr Studenten im Labor erwerben<\/strong><\/span><\/li>\n<li><span style=\"font-size: 18px;\"><strong>Entwicklung des Vokabulars der praktischen Kurse entsprechend den Systemen, die in den h\u00f6heren Bildungseinrichtungen angewandt werden.<\/strong><\/span><\/li>\n<\/ul>\n<h1 style=\"text-align: justify;\"><span style=\"font-size: 18px; color: #f5c538;\"><strong>Ziele<\/strong><\/span><\/h1>\n<ul style=\"text-align: justify;\">\n<li><span style=\"font-size: 18px;\"><strong>Entwicklung angewandter wissenschaftlicher Spezialisierungen und Einf\u00fchrung solider Lehrpl\u00e4ne.<\/strong><\/span><\/li>\n<li><span style=\"font-size: 18px;\"><strong>Verwirklichung des Prinzips, als ein koh\u00e4rentes Team am Erfolg aller Bildungsprogramme mitzuwirken.<\/strong><\/span><\/li>\n<li><span style=\"font-size: 18px;\"><strong>Erreichen der Qualit\u00e4t der N\u00fcchternheit und der F\u00e4higkeiten unserer Bildungsergebnisse<\/strong><\/span><\/li>\n<li><span style=\"font-size: 18px;\"><strong>Verbesserung der F\u00e4higkeiten der Arbeitnehmer zur Nutzung fortschrittlicher Technologien<\/strong><\/span><\/li>\n<li><span style=\"font-size: 18px;\"><strong>Aktivierung von E-Learning-Programmen.<\/strong><\/span><\/li>\n<li><span style=\"font-size: 18px;\"><strong>Qualifizierung der Studierenden zum kontinuierlichen Selbstlernen und zur Teamarbeit.<\/strong><\/span><\/li>\n<\/ul>\n<p style=\"text-align: justify;\"><span style=\"font-size: 18px; color: #f5c538;\"><strong>Struktur der Labore<\/strong><\/span><\/p>\n<p style=\"text-align: justify;\"><span style=\"font-size: 18px;\"><strong>Die Labore befinden sich im Geb\u00e4ude der Hochschule in der zentralen Computereinheit.<\/strong><\/span><\/p>\n<p style=\"text-align: justify;\"><span style=\"font-size: 18px;\"><strong>Die folgende Tabelle zeigt die Fl\u00e4che der einzelnen Labora und die Anzahl der Computer sowie eine Verwaltung der Labore.<\/strong><\/span><\/p>\n<table>\n<tbody>\n<tr>\n<td width=\"213\"><span style=\"font-size: 18px;\"><strong>Name des Labors<\/strong><\/span><\/td>\n<td width=\"213\"><span style=\"font-size: 18px;\"><strong>Laborgr\u00f6\u00dfe<\/strong><\/span><\/td>\n<td width=\"213\"><span style=\"font-size: 18px;\"><strong>\u00a0 Anzahl der \u00a0\u00a0\u00a0\u00a0\u00a0Computer<\/strong><\/span><\/td>\n<\/tr>\n<tr>\n<td width=\"213\"><span style=\"font-size: 18px;\"><strong>Labor 1<\/strong><\/span><\/td>\n<td width=\"213\"><span style=\"font-size: 18px;\"><strong>3.75*16<\/strong><\/span><\/td>\n<td width=\"213\"><span style=\"font-size: 18px;\"><strong>26<\/strong><\/span><\/td>\n<\/tr>\n<tr>\n<td width=\"213\"><span style=\"font-size: 18px;\"><strong>Labor 2<\/strong><\/span><\/td>\n<td width=\"213\"><span style=\"font-size: 18px;\"><strong>8*7,5<\/strong><\/span><\/td>\n<td width=\"213\"><span style=\"font-size: 18px;\"><strong>26<\/strong><\/span><\/td>\n<\/tr>\n<\/tbody>\n<\/table>\n<ul>\n<li style=\"text-align: justify;\"><span style=\"font-size: 18px;\"><strong>Hinweise der Laborqualit\u00e4t<\/strong><\/span><\/li>\n<li style=\"text-align: justify;\"><span style=\"font-size: 18px;\"><strong>Hiweise der Sicherheit und Risikoeinsch\u00e4tzung f\u00fcr Studierende und Mitarbeiter der Fakult\u00e4t f\u00fcr Rechtswissenschaft (Jura)<\/strong><\/span><\/li>\n<li style=\"text-align: justify;\"><span style=\"font-size: 18px;\"><strong>Hinweise f\u00fcr Arbeitsschutzregeln in Bildungslaboratorien<\/strong><\/span><\/li>\n<\/ul>\n","protected":false},"excerpt":{"rendered":"<p>\u00dcber die Labore Aufgrund der Bedeutung und N\u00fctzlichkeit des Taschenrechners bei &#8230; <\/p>\n","protected":false},"author":18,"featured_media":0,"parent":0,"menu_order":0,"comment_status":"closed","ping_status":"closed","template":"","meta":{"_lmt_disableupdate":"","_lmt_disable":"","footnotes":""},"class_list":["post-430","page","type-page","status-publish","hentry"],"yoast_head":"<!-- This site is optimized with the Yoast SEO plugin v25.8 - https:\/\/yoast.com\/wordpress\/plugins\/seo\/ -->\n<title>Lehrlaboratorien an der Fakult\u00e4t f\u00fcr Rechtswissenschaft (Jura) - Hochschule f\u00fcr Rechtswissenschaften<\/title>\n<meta name=\"robots\" content=\"index, follow, max-snippet:-1, max-image-preview:large, max-video-preview:-1\" \/>\n<link rel=\"canonical\" href=\"https:\/\/de.colaw.uobaghdad.edu.iq\/?page_id=430\" \/>\n<meta property=\"og:locale\" content=\"de_DE\" \/>\n<meta property=\"og:type\" content=\"article\" \/>\n<meta property=\"og:title\" content=\"Lehrlaboratorien an der Fakult\u00e4t f\u00fcr Rechtswissenschaft (Jura) - Hochschule f\u00fcr Rechtswissenschaften\" \/>\n<meta property=\"og:description\" content=\"\u00dcber die Labore Aufgrund der Bedeutung und N\u00fctzlichkeit des Taschenrechners bei ...\" \/>\n<meta property=\"og:url\" content=\"https:\/\/de.colaw.uobaghdad.edu.iq\/?page_id=430\" \/>\n<meta property=\"og:site_name\" content=\"Hochschule f\u00fcr Rechtswissenschaften\" \/>\n<meta name=\"twitter:card\" content=\"summary_large_image\" \/>\n<meta name=\"twitter:label1\" content=\"Gesch\u00e4tzte Lesezeit\" \/>\n\t<meta name=\"twitter:data1\" content=\"2\u00a0Minuten\" \/>\n<script type=\"application\/ld+json\" class=\"yoast-schema-graph\">{\"@context\":\"https:\/\/schema.org\",\"@graph\":[{\"@type\":\"WebPage\",\"@id\":\"https:\/\/de.colaw.uobaghdad.edu.iq\/?page_id=430\",\"url\":\"https:\/\/de.colaw.uobaghdad.edu.iq\/?page_id=430\",\"name\":\"Lehrlaboratorien an der Fakult\u00e4t f\u00fcr Rechtswissenschaft (Jura) - Hochschule f\u00fcr Rechtswissenschaften\",\"isPartOf\":{\"@id\":\"https:\/\/de.colaw.uobaghdad.edu.iq\/#website\"},\"datePublished\":\"2025-08-07T11:01:57+00:00\",\"breadcrumb\":{\"@id\":\"https:\/\/de.colaw.uobaghdad.edu.iq\/?page_id=430#breadcrumb\"},\"inLanguage\":\"de\",\"potentialAction\":[{\"@type\":\"ReadAction\",\"target\":[\"https:\/\/de.colaw.uobaghdad.edu.iq\/?page_id=430\"]}]},{\"@type\":\"BreadcrumbList\",\"@id\":\"https:\/\/de.colaw.uobaghdad.edu.iq\/?page_id=430#breadcrumb\",\"itemListElement\":[{\"@type\":\"ListItem\",\"position\":1,\"name\":\"Home\",\"item\":\"https:\/\/de.colaw.uobaghdad.edu.iq\/\"},{\"@type\":\"ListItem\",\"position\":2,\"name\":\"Lehrlaboratorien an der Fakult\u00e4t f\u00fcr Rechtswissenschaft (Jura)\"}]},{\"@type\":\"WebSite\",\"@id\":\"https:\/\/de.colaw.uobaghdad.edu.iq\/#website\",\"url\":\"https:\/\/de.colaw.uobaghdad.edu.iq\/\",\"name\":\"Hochschule f\u00fcr Rechtswissenschaften\",\"description\":\"University of baghdad\",\"potentialAction\":[{\"@type\":\"SearchAction\",\"target\":{\"@type\":\"EntryPoint\",\"urlTemplate\":\"https:\/\/de.colaw.uobaghdad.edu.iq\/?s={search_term_string}\"},\"query-input\":{\"@type\":\"PropertyValueSpecification\",\"valueRequired\":true,\"valueName\":\"search_term_string\"}}],\"inLanguage\":\"de\"}]}<\/script>\n<!-- \/ Yoast SEO plugin. -->","yoast_head_json":{"title":"Lehrlaboratorien an der Fakult\u00e4t f\u00fcr Rechtswissenschaft (Jura) - Hochschule f\u00fcr Rechtswissenschaften","robots":{"index":"index","follow":"follow","max-snippet":"max-snippet:-1","max-image-preview":"max-image-preview:large","max-video-preview":"max-video-preview:-1"},"canonical":"https:\/\/de.colaw.uobaghdad.edu.iq\/?page_id=430","og_locale":"de_DE","og_type":"article","og_title":"Lehrlaboratorien an der Fakult\u00e4t f\u00fcr Rechtswissenschaft (Jura) - Hochschule f\u00fcr Rechtswissenschaften","og_description":"\u00dcber die Labore Aufgrund der Bedeutung und N\u00fctzlichkeit des Taschenrechners bei ...","og_url":"https:\/\/de.colaw.uobaghdad.edu.iq\/?page_id=430","og_site_name":"Hochschule f\u00fcr Rechtswissenschaften","twitter_card":"summary_large_image","twitter_misc":{"Gesch\u00e4tzte Lesezeit":"2\u00a0Minuten"},"schema":{"@context":"https:\/\/schema.org","@graph":[{"@type":"WebPage","@id":"https:\/\/de.colaw.uobaghdad.edu.iq\/?page_id=430","url":"https:\/\/de.colaw.uobaghdad.edu.iq\/?page_id=430","name":"Lehrlaboratorien an der Fakult\u00e4t f\u00fcr Rechtswissenschaft (Jura) - Hochschule f\u00fcr Rechtswissenschaften","isPartOf":{"@id":"https:\/\/de.colaw.uobaghdad.edu.iq\/#website"},"datePublished":"2025-08-07T11:01:57+00:00","breadcrumb":{"@id":"https:\/\/de.colaw.uobaghdad.edu.iq\/?page_id=430#breadcrumb"},"inLanguage":"de","potentialAction":[{"@type":"ReadAction","target":["https:\/\/de.colaw.uobaghdad.edu.iq\/?page_id=430"]}]},{"@type":"BreadcrumbList","@id":"https:\/\/de.colaw.uobaghdad.edu.iq\/?page_id=430#breadcrumb","itemListElement":[{"@type":"ListItem","position":1,"name":"Home","item":"https:\/\/de.colaw.uobaghdad.edu.iq\/"},{"@type":"ListItem","position":2,"name":"Lehrlaboratorien an der Fakult\u00e4t f\u00fcr Rechtswissenschaft (Jura)"}]},{"@type":"WebSite","@id":"https:\/\/de.colaw.uobaghdad.edu.iq\/#website","url":"https:\/\/de.colaw.uobaghdad.edu.iq\/","name":"Hochschule f\u00fcr Rechtswissenschaften","description":"University of baghdad","potentialAction":[{"@type":"SearchAction","target":{"@type":"EntryPoint","urlTemplate":"https:\/\/de.colaw.uobaghdad.edu.iq\/?s={search_term_string}"},"query-input":{"@type":"PropertyValueSpecification","valueRequired":true,"valueName":"search_term_string"}}],"inLanguage":"de"}]}},"_links":{"self":[{"href":"https:\/\/de.colaw.uobaghdad.edu.iq\/index.php?rest_route=\/wp\/v2\/pages\/430","targetHints":{"allow":["GET"]}}],"collection":[{"href":"https:\/\/de.colaw.uobaghdad.edu.iq\/index.php?rest_route=\/wp\/v2\/pages"}],"about":[{"href":"https:\/\/de.colaw.uobaghdad.edu.iq\/index.php?rest_route=\/wp\/v2\/types\/page"}],"author":[{"embeddable":true,"href":"https:\/\/de.colaw.uobaghdad.edu.iq\/index.php?rest_route=\/wp\/v2\/users\/18"}],"replies":[{"embeddable":true,"href":"https:\/\/de.colaw.uobaghdad.edu.iq\/index.php?rest_route=%2Fwp%2Fv2%2Fcomments&post=430"}],"version-history":[{"count":1,"href":"https:\/\/de.colaw.uobaghdad.edu.iq\/index.php?rest_route=\/wp\/v2\/pages\/430\/revisions"}],"predecessor-version":[{"id":431,"href":"https:\/\/de.colaw.uobaghdad.edu.iq\/index.php?rest_route=\/wp\/v2\/pages\/430\/revisions\/431"}],"wp:attachment":[{"href":"https:\/\/de.colaw.uobaghdad.edu.iq\/index.php?rest_route=%2Fwp%2Fv2%2Fmedia&parent=430"}],"curies":[{"name":"wp","href":"https:\/\/api.w.org\/{rel}","templated":true}]}}