{"id":412,"date":"2025-07-29T06:44:54","date_gmt":"2025-07-29T06:44:54","guid":{"rendered":"https:\/\/de.colaw.uobaghdad.edu.iq\/?page_id=412"},"modified":"2025-07-29T06:44:54","modified_gmt":"2025-07-29T06:44:54","slug":"vision-mission-und-ziele","status":"publish","type":"page","link":"https:\/\/de.colaw.uobaghdad.edu.iq\/?page_id=412","title":{"rendered":"Vision, Mission und Ziele"},"content":{"rendered":"<p><span style=\"font-size: 20px; color: #f5c538;\"><strong>Vision\u00a0<\/strong><\/span><\/p>\n<p><span style=\"font-size: 20px;\"><strong>&#8211; Hochschulen und externe Einrichtungen mit fortgeschrittener internationaler Klassifikation erhalten internationale Akkreditierungen.<\/strong><\/span><\/p>\n<p><span style=\"font-size: 20px;\"><strong>&#8211; Einzug der wissenschaftlichen Zeitschrift f\u00fcr Rechtswissenschaften in die internationalen wissenschaftlichen Zeitschriften.<\/strong><\/span><\/p>\n<p><span style=\"font-size: 20px;\"><strong>&#8211; Aufstieg auf die internationale Rangliste.<\/strong><\/span><\/p>\n<p><span style=\"font-size: 20px;\"><strong>&#8211; Stabilit\u00e4t der Klassifikation ersten Ranges der Fakult\u00e4t f\u00fcr Rechtswissenschaft unter andern sowohl staats- als auch privaten (Jura) Fakult\u00e4ten Iraks.<\/strong><\/span><\/p>\n<p><span style=\"font-size: 20px; color: #f5c538;\"><strong>Mission<\/strong><\/span><\/p>\n<p><span style=\"font-size: 20px;\"><strong>&#8211; Verbreitung von juristischem Wissen.<\/strong><\/span><\/p>\n<p><span style=\"font-size: 20px;\"><strong>&#8211; Modernisierung der Rechtsforschung, um die Probleme zu l\u00f6sen, mit denen Justiz und Gesellschaft konfrontiert sind.<\/strong><\/span><\/p>\n<p><span style=\"font-size: 20px;\"><strong>&#8211; Beeinflussung der \u00f6ffentlichen Gesetzgebung<\/strong><\/span><\/p>\n<p><span style=\"font-size: 20px;\"><strong>&#8211; F\u00f6rderung der Rechte von Frauen, Kindern und anderen Teilen der Gesellschaft mit dem Ziel, Gerechtigkeit zu erreichen.<\/strong><\/span><\/p>\n<p><span style=\"font-size: 20px;\"><strong>&#8211; Planung von Lehrveranstaltungen, Entwicklung von Lernf\u00e4higkeiten, Studien- und Forschungsstudieng\u00e4ngen in \u00dcbereinstimmung mit den Kursen der Vereinten Nationen.<\/strong><\/span><\/p>\n<p><span style=\"font-size: 20px;\"><strong>\u00a0<span style=\"color: #f5c538;\">Ziele<\/span><\/strong><\/span><\/p>\n<ul>\n<li><span style=\"font-size: 20px;\"><strong>Vorbereitung von Anw\u00e4ltinnen und Anw\u00e4lten mit Kenntnissen \u00fcber theoretisches und wissenschaftliches Recht.<\/strong><\/span><\/li>\n<li><span style=\"font-size: 20px;\"><strong>Um die Gerechtigkeit zu verteidigen, sollen alle staatlichen Einrichtungen mit qualifizierten Rechtskr\u00e4ften ausgestattet werden.<\/strong><\/span><\/li>\n<li><span style=\"font-size: 20px;\"><strong>Die Bereitstellung von qualifizierten Forscherinnen und Forschern aus interdisziplin\u00e4ren Rechtswissenschaften, die mit anderen Wissenschaften in Verbindung stehen.<\/strong><\/span><\/li>\n<\/ul>\n<p>&nbsp;<\/p>\n","protected":false},"excerpt":{"rendered":"<p>Vision\u00a0 &#8211; Hochschulen und externe Einrichtungen mit fortgeschrittener internationaler Klassifikation erhalten &#8230; <\/p>\n","protected":false},"author":18,"featured_media":0,"parent":0,"menu_order":0,"comment_status":"closed","ping_status":"closed","template":"","meta":{"_lmt_disableupdate":"","_lmt_disable":"","footnotes":""},"class_list":["post-412","page","type-page","status-publish","hentry"],"yoast_head":"<!-- This site is optimized with the Yoast SEO plugin v25.8 - https:\/\/yoast.com\/wordpress\/plugins\/seo\/ -->\n<title>Vision, Mission und Ziele - Hochschule f\u00fcr Rechtswissenschaften<\/title>\n<meta name=\"robots\" content=\"index, follow, max-snippet:-1, max-image-preview:large, max-video-preview:-1\" \/>\n<link rel=\"canonical\" href=\"https:\/\/de.colaw.uobaghdad.edu.iq\/?page_id=412\" \/>\n<meta property=\"og:locale\" content=\"de_DE\" \/>\n<meta property=\"og:type\" content=\"article\" \/>\n<meta property=\"og:title\" content=\"Vision, Mission und Ziele - Hochschule f\u00fcr Rechtswissenschaften\" \/>\n<meta property=\"og:description\" content=\"Vision\u00a0 &#8211; Hochschulen und externe Einrichtungen mit fortgeschrittener internationaler Klassifikation erhalten ...\" \/>\n<meta property=\"og:url\" content=\"https:\/\/de.colaw.uobaghdad.edu.iq\/?page_id=412\" \/>\n<meta property=\"og:site_name\" content=\"Hochschule f\u00fcr Rechtswissenschaften\" \/>\n<meta name=\"twitter:card\" content=\"summary_large_image\" \/>\n<meta name=\"twitter:label1\" content=\"Gesch\u00e4tzte Lesezeit\" \/>\n\t<meta name=\"twitter:data1\" content=\"1\u00a0Minute\" \/>\n<script type=\"application\/ld+json\" class=\"yoast-schema-graph\">{\"@context\":\"https:\/\/schema.org\",\"@graph\":[{\"@type\":\"WebPage\",\"@id\":\"https:\/\/de.colaw.uobaghdad.edu.iq\/?page_id=412\",\"url\":\"https:\/\/de.colaw.uobaghdad.edu.iq\/?page_id=412\",\"name\":\"Vision, Mission und Ziele - Hochschule f\u00fcr Rechtswissenschaften\",\"isPartOf\":{\"@id\":\"https:\/\/de.colaw.uobaghdad.edu.iq\/#website\"},\"datePublished\":\"2025-07-29T06:44:54+00:00\",\"breadcrumb\":{\"@id\":\"https:\/\/de.colaw.uobaghdad.edu.iq\/?page_id=412#breadcrumb\"},\"inLanguage\":\"de\",\"potentialAction\":[{\"@type\":\"ReadAction\",\"target\":[\"https:\/\/de.colaw.uobaghdad.edu.iq\/?page_id=412\"]}]},{\"@type\":\"BreadcrumbList\",\"@id\":\"https:\/\/de.colaw.uobaghdad.edu.iq\/?page_id=412#breadcrumb\",\"itemListElement\":[{\"@type\":\"ListItem\",\"position\":1,\"name\":\"Home\",\"item\":\"https:\/\/de.colaw.uobaghdad.edu.iq\/\"},{\"@type\":\"ListItem\",\"position\":2,\"name\":\"Vision, Mission und Ziele\"}]},{\"@type\":\"WebSite\",\"@id\":\"https:\/\/de.colaw.uobaghdad.edu.iq\/#website\",\"url\":\"https:\/\/de.colaw.uobaghdad.edu.iq\/\",\"name\":\"Hochschule f\u00fcr Rechtswissenschaften\",\"description\":\"University of baghdad\",\"potentialAction\":[{\"@type\":\"SearchAction\",\"target\":{\"@type\":\"EntryPoint\",\"urlTemplate\":\"https:\/\/de.colaw.uobaghdad.edu.iq\/?s={search_term_string}\"},\"query-input\":{\"@type\":\"PropertyValueSpecification\",\"valueRequired\":true,\"valueName\":\"search_term_string\"}}],\"inLanguage\":\"de\"}]}<\/script>\n<!-- \/ Yoast SEO plugin. -->","yoast_head_json":{"title":"Vision, Mission und Ziele - Hochschule f\u00fcr Rechtswissenschaften","robots":{"index":"index","follow":"follow","max-snippet":"max-snippet:-1","max-image-preview":"max-image-preview:large","max-video-preview":"max-video-preview:-1"},"canonical":"https:\/\/de.colaw.uobaghdad.edu.iq\/?page_id=412","og_locale":"de_DE","og_type":"article","og_title":"Vision, Mission und Ziele - Hochschule f\u00fcr Rechtswissenschaften","og_description":"Vision\u00a0 &#8211; Hochschulen und externe Einrichtungen mit fortgeschrittener internationaler Klassifikation erhalten ...","og_url":"https:\/\/de.colaw.uobaghdad.edu.iq\/?page_id=412","og_site_name":"Hochschule f\u00fcr Rechtswissenschaften","twitter_card":"summary_large_image","twitter_misc":{"Gesch\u00e4tzte Lesezeit":"1\u00a0Minute"},"schema":{"@context":"https:\/\/schema.org","@graph":[{"@type":"WebPage","@id":"https:\/\/de.colaw.uobaghdad.edu.iq\/?page_id=412","url":"https:\/\/de.colaw.uobaghdad.edu.iq\/?page_id=412","name":"Vision, Mission und Ziele - Hochschule f\u00fcr Rechtswissenschaften","isPartOf":{"@id":"https:\/\/de.colaw.uobaghdad.edu.iq\/#website"},"datePublished":"2025-07-29T06:44:54+00:00","breadcrumb":{"@id":"https:\/\/de.colaw.uobaghdad.edu.iq\/?page_id=412#breadcrumb"},"inLanguage":"de","potentialAction":[{"@type":"ReadAction","target":["https:\/\/de.colaw.uobaghdad.edu.iq\/?page_id=412"]}]},{"@type":"BreadcrumbList","@id":"https:\/\/de.colaw.uobaghdad.edu.iq\/?page_id=412#breadcrumb","itemListElement":[{"@type":"ListItem","position":1,"name":"Home","item":"https:\/\/de.colaw.uobaghdad.edu.iq\/"},{"@type":"ListItem","position":2,"name":"Vision, Mission und Ziele"}]},{"@type":"WebSite","@id":"https:\/\/de.colaw.uobaghdad.edu.iq\/#website","url":"https:\/\/de.colaw.uobaghdad.edu.iq\/","name":"Hochschule f\u00fcr Rechtswissenschaften","description":"University of baghdad","potentialAction":[{"@type":"SearchAction","target":{"@type":"EntryPoint","urlTemplate":"https:\/\/de.colaw.uobaghdad.edu.iq\/?s={search_term_string}"},"query-input":{"@type":"PropertyValueSpecification","valueRequired":true,"valueName":"search_term_string"}}],"inLanguage":"de"}]}},"_links":{"self":[{"href":"https:\/\/de.colaw.uobaghdad.edu.iq\/index.php?rest_route=\/wp\/v2\/pages\/412","targetHints":{"allow":["GET"]}}],"collection":[{"href":"https:\/\/de.colaw.uobaghdad.edu.iq\/index.php?rest_route=\/wp\/v2\/pages"}],"about":[{"href":"https:\/\/de.colaw.uobaghdad.edu.iq\/index.php?rest_route=\/wp\/v2\/types\/page"}],"author":[{"embeddable":true,"href":"https:\/\/de.colaw.uobaghdad.edu.iq\/index.php?rest_route=\/wp\/v2\/users\/18"}],"replies":[{"embeddable":true,"href":"https:\/\/de.colaw.uobaghdad.edu.iq\/index.php?rest_route=%2Fwp%2Fv2%2Fcomments&post=412"}],"version-history":[{"count":2,"href":"https:\/\/de.colaw.uobaghdad.edu.iq\/index.php?rest_route=\/wp\/v2\/pages\/412\/revisions"}],"predecessor-version":[{"id":414,"href":"https:\/\/de.colaw.uobaghdad.edu.iq\/index.php?rest_route=\/wp\/v2\/pages\/412\/revisions\/414"}],"wp:attachment":[{"href":"https:\/\/de.colaw.uobaghdad.edu.iq\/index.php?rest_route=%2Fwp%2Fv2%2Fmedia&parent=412"}],"curies":[{"name":"wp","href":"https:\/\/api.w.org\/{rel}","templated":true}]}}