{"id":360,"date":"2025-07-24T07:51:27","date_gmt":"2025-07-24T07:51:27","guid":{"rendered":"https:\/\/de.colaw.uobaghdad.edu.iq\/?page_id=360"},"modified":"2025-08-03T11:04:41","modified_gmt":"2025-08-03T11:04:41","slug":"das-studium-im-irak-fuer-auslaendischen-student-innen","status":"publish","type":"page","link":"https:\/\/de.colaw.uobaghdad.edu.iq\/?page_id=360","title":{"rendered":"Das Studium im Irak \u00a0f\u00fcr ausl\u00e4ndischen Student-innen"},"content":{"rendered":"<p style=\"text-align: justify;\"><strong><span style=\"font-size: 18px;\">Eine Vielzahl von Bachelor- und graduierten Studien sowie finanzierte Stipendien (einschlie\u00dflich Studiengeb\u00fchren und Unterkunft) werden an der Universit\u00e4t Bagdad ausl\u00e4ndischen Student(en)- innen aus aller Welt angeboten.<\/span><\/strong><\/p>\n<p style=\"text-align: justify;\"><strong><span style=\"font-size: 18px;\">In unserer Fakult\u00e4t bieten unsere (Rechtswissenschaftler)\/ Jura- Kollegen vier Pl\u00e4tze f\u00fcr offene Spezialisierungen im Master- und Doktorarbeiten sowie f\u00fcnf Pl\u00e4tze f\u00fcr das Grundstudium mit Bachelor-Abschluss im Fach Rechtswissenschaft (Jura).<\/span><\/strong><\/p>\n<p style=\"text-align: justify;\"><strong><span style=\"font-size: 18px;\">Die Studentin\/ der Student muss innerhalb von vier Jahren seine Vorlesungen, Klausuren\/ Pr\u00fcfungen a.o Seminare abgeschlossen haben.<\/span><\/strong><\/p>\n<p style=\"text-align: justify;\"><strong><span style=\"font-size: 18px;\">Es sollte ber\u00fccksichtigt werden, dass das Studiensystem am Kolleg zwei Semester (je Studienjahr) umfasst. Die Pr\u00fcfungsphasen finden zwei mal pro Studienjahr statt.<\/span><\/strong><\/p>\n<p style=\"text-align: justify;\"><strong><span style=\"font-size: 18px;\">Die Pr\u00fcfung im Wintersemester findet im Januar statt, w\u00e4hrend die Pr\u00fcfung f\u00fcr den Sommersemester im Juni beginnt.<\/span><\/strong><\/p>\n<p style=\"text-align: justify;\"><strong><span style=\"font-size: 18px;\">F\u00fcr Grundstudien ist eine Mindestpunktzahl (Durchschnitt) von 50 % vorgeschrieben und 60% im Hauptstudium<\/span><\/strong><\/p>\n<p style=\"text-align: justify;\"><strong><span style=\"font-size: 18px;\">F\u00fcr die Teilnahme an der Abschlusspr\u00fcfung ist es erforderlich, dass der Student 90\u00a0% durchschnittlich\u00a0 erreicht hat (aus Teilnahme an Vorlesungen und bestandenen\u00a0 Pr\u00fcfungen.<\/span><\/strong><\/p>\n<p style=\"text-align: justify;\"><strong><span style=\"font-size: 18px;\">Das Stipendienausschuss der Universit\u00e4t Bagdad pr\u00fcft und bewertet die Bewerbungsunterlagen nach einer Reihe von Kriterien, darunter die akademischen Qualifikationen und Leistungen des Bewerbers, das Sprachniveau sowie die Anforderungen des Studienprogramms.<\/span><\/strong><\/p>\n<p style=\"text-align: justify;\"><strong><span style=\"font-size: 18px;\">\u00a0Diese Stipendien k\u00f6nnen von ausl\u00e4ndischem Student-innen beantragt werden.<\/span><\/strong><\/p>\n<p style=\"text-align: justify;\"><strong><span style=\"font-size: 18px;\">Der Ausschuss hat auch die M\u00f6glichkeit, den Bewerber f\u00fcr ein Online-Interview zu kontaktieren, um weitere Einzelheiten und Informationen \u00fcber ihn zu er\u00f6rtern.<\/span><\/strong><\/p>\n<p style=\"text-align: justify;\"><strong><span style=\"color: #f5c538; font-size: 18px;\">Stipendium f\u00fcr ausl\u00e4ndische Studenten-Innen<\/span><\/strong><\/p>\n<p style=\"text-align: justify;\"><strong><span style=\"font-size: 18px;\">Unter Bezugnahme auf die Direktiven Seiner Exzellenz des Ministers f\u00fcr Hochschulbildung und wissenschaftliche Forschung im Rahmen des Programms (Studiere im Irak), ausl\u00e4ndische Studenten aufzunehmen, um den kulturellen Austausch und die Offenheit f\u00fcr internationale Universit\u00e4ten zu f\u00f6rdern.<\/span><\/strong><\/p>\n<p style=\"text-align: justify;\"><strong><span style=\"font-size: 18px;\">Die Abteilung f\u00fcr studentische Angelegenheiten des Grundstudiums an unserer Hochschule k\u00fcndigt ausl\u00e4ndische Studenten die M\u00f6glichkeit an, sich f\u00fcr die offenen Grundstudienprogramme an unserer Hochschule f\u00fcr das akademische Jahr 2023-2024 gem\u00e4\u00df den vom Ministerium f\u00fcr Hochschulbildung und wissenschaftliche Forschung festgelegten Kontrollen und Anweisungen f\u00fcr die Bewerbung zu bewerben.\u00a0<\/span><\/strong><\/p>\n<p style=\"text-align: justify;\"><strong><span style=\"font-size: 18px;\">In der Hoffnung, dass dieser Schritt zu den Ma\u00dfnahmen geh\u00f6rt, die die Offenheit unserer alten Universit\u00e4t f\u00fcr die internationale Gemeinschaft erh\u00f6hen, um dem Bildungsprozess in unserem geliebten Irak zu dienen.<\/span><\/strong><\/p>\n<p style=\"text-align: justify;\"><strong><span style=\"font-size: 18px;\">Es bietet 5 Pl\u00e4tze f\u00fcr Grundstudien, und die Fakult\u00e4t f\u00fcr Rechtswissenschaft verleiht einen <em>Bachelor-Abschluss<\/em> in Rechtswissenschaften, nachdem der Student das Studium der vorgeschriebenen Studienpl\u00e4ne\/ Module und innerhalb von vier Jahren abgeschlossen hat.<\/span><\/strong><\/p>\n<p style=\"text-align: justify;\"><strong><span style=\"font-size: 18px;\">\u00a0Es ist zu beachten, dass das akademische System an der Fakult\u00e4t f\u00fcr Rechtswissenschaft (Jura) ein Semestersystem ist, das sich \u00fcber zwei Semester erstreckt, wobei die Pr\u00fcfung des ersten Semesters im Januar und die Pr\u00fcfung des zweiten Semesters im Juni durchgef\u00fchrt wird.<\/span><\/strong><\/p>\n<p style=\"text-align: justify;\"><strong><span style=\"font-size: 18px;\">\u00a0Die Mindestpunktzahl f\u00fcr das Bestehen betr\u00e4gt 50 %. Die Teilnahme an der Abschlusspr\u00fcfung setzt voraus, dass der Student 90% der im akademischen Jahr geplanten Vorlesungen besucht und Klausuren absolviert hat.<\/span><\/strong><\/p>\n<ul style=\"text-align: justify;\">\n<li><strong><span style=\"font-size: 18px;\"><u>Bewerbungsformular<\/u><u>:<\/u><\/span><\/strong><\/li>\n<\/ul>\n<p style=\"text-align: justify;\"><strong><span style=\"font-size: 18px;\">Um die restlichen Studienprogramme an unserer Universit\u00e4t im Rahmen des Programms \u201eStudiere im Irak\u201c zu sehen und das Formular auszuf\u00fcllen.<\/span><\/strong><\/p>\n<ul style=\"text-align: justify;\">\n<li><strong><span style=\"font-size: 18px;\"><u>Studienplan\/ Module:<\/u><\/span><\/strong><\/li>\n<\/ul>\n<p style=\"text-align: justify;\"><strong><span style=\"font-size: 18px;\">Um den Studienplan f\u00fcr Grundstudium anzuzeigen.<\/span><\/strong><\/p>\n<ul style=\"text-align: justify;\">\n<li><strong><span style=\"font-size: 18px;\"><u>Bedingungen f\u00fcr das Stipendium:<\/u><\/span><\/strong><\/li>\n<\/ul>\n<p style=\"text-align: justify;\"><strong><span style=\"font-size: 18px;\">Kontrollen und Bedingungen f\u00fcr Stipendien f\u00fcr ausl\u00e4ndische Studierende im Rahmen eines Grundstudiums.<\/span><\/strong><\/p>\n<p style=\"text-align: justify;\"><strong><span style=\"font-size: 18px;\">Kontaktieren Sie die Abteilung Grundstudien:<\/span><\/strong><\/p>\n<p style=\"text-align: justify;\"><strong><span style=\"font-size: 18px;\"><u>master@colaw.uobaghdad.edu.iq<\/u><\/span><\/strong><\/p>\n<h2 style=\"text-align: justify;\"><strong><span style=\"color: #f5c538; font-size: 18px;\">Stipendien und F\u00f6rderungsm\u00f6glichkeiten f\u00fcr ausl\u00e4ndische graduierte Masterstudenten und Doktoranden<\/span><\/strong><\/h2>\n<p style=\"text-align: justify;\"><strong><span style=\"font-size: 18px;\">In Anlehnung an die Vorgaben seiner Exzellenz, des Ministers f\u00fcr Hochschulbildung und wissenschaftliche Forschung, im Rahmen des Programms &#8222;Studieren\u00a0im Irak&#8220;, wird angestrebt, ausl\u00e4ndische Studierende aufzunehmen, um den kulturellen Austausch zu f\u00f6rdern und die Offenheit gegen\u00fcber internationalen Universit\u00e4ten zu st\u00e4rken.<\/span><\/strong><\/p>\n<p style=\"text-align: justify;\"><strong><span style=\"font-size: 18px;\">Die Abteilung f\u00fcr Promotionsangelegenheiten an unserer Hochschule gibt ausl\u00e4ndischen Studierenden die M\u00f6glichkeit, sich f\u00fcr das akademische Jahr 2023\u20132024 um offene Graduiertenprogramme (Master und Promotion) zu bewerben.<\/span><\/strong><\/p>\n<p style=\"text-align: justify;\"><strong><span style=\"font-size: 18px;\">\u00a0Dies geschieht in \u00dcbereinstimmung mit den von dem Ministerium f\u00fcr Hochschulbildung und wissenschaftliche Forschung festgelegten Richtlinien und Vorgaben.<\/span><\/strong><\/p>\n<p style=\"text-align: justify;\"><strong><span style=\"font-size: 18px;\">Wir hoffen, dass dieser Schritt zur F\u00f6rderung der internationalen Vernetzung unserer traditionsreichen Universit\u00e4t beitr\u00e4gt und somit den Bildungsprozess in unserem geliebten Irak unterst\u00fctzt.<\/span><\/strong><\/p>\n","protected":false},"excerpt":{"rendered":"<p>Eine Vielzahl von Bachelor- und graduierten Studien sowie finanzierte Stipendien (einschlie\u00dflich &#8230; <\/p>\n","protected":false},"author":18,"featured_media":0,"parent":0,"menu_order":0,"comment_status":"closed","ping_status":"closed","template":"","meta":{"_lmt_disableupdate":"no","_lmt_disable":"","footnotes":""},"class_list":["post-360","page","type-page","status-publish","hentry"],"yoast_head":"<!-- This site is optimized with the Yoast SEO plugin v25.8 - https:\/\/yoast.com\/wordpress\/plugins\/seo\/ -->\n<title>Das Studium im Irak \u00a0f\u00fcr ausl\u00e4ndischen Student-innen - Hochschule f\u00fcr Rechtswissenschaften<\/title>\n<meta name=\"robots\" content=\"index, follow, max-snippet:-1, max-image-preview:large, max-video-preview:-1\" \/>\n<link rel=\"canonical\" href=\"https:\/\/de.colaw.uobaghdad.edu.iq\/?page_id=360\" \/>\n<meta property=\"og:locale\" content=\"de_DE\" \/>\n<meta property=\"og:type\" content=\"article\" \/>\n<meta property=\"og:title\" content=\"Das Studium im Irak \u00a0f\u00fcr ausl\u00e4ndischen Student-innen - Hochschule f\u00fcr Rechtswissenschaften\" \/>\n<meta property=\"og:description\" content=\"Eine Vielzahl von Bachelor- und graduierten Studien sowie finanzierte Stipendien (einschlie\u00dflich ...\" \/>\n<meta property=\"og:url\" content=\"https:\/\/de.colaw.uobaghdad.edu.iq\/?page_id=360\" \/>\n<meta property=\"og:site_name\" content=\"Hochschule f\u00fcr Rechtswissenschaften\" \/>\n<meta property=\"article:modified_time\" content=\"2025-08-03T11:04:41+00:00\" \/>\n<meta name=\"twitter:card\" content=\"summary_large_image\" \/>\n<meta name=\"twitter:label1\" content=\"Gesch\u00e4tzte Lesezeit\" \/>\n\t<meta name=\"twitter:data1\" content=\"4\u00a0Minuten\" \/>\n<script type=\"application\/ld+json\" class=\"yoast-schema-graph\">{\"@context\":\"https:\/\/schema.org\",\"@graph\":[{\"@type\":\"WebPage\",\"@id\":\"https:\/\/de.colaw.uobaghdad.edu.iq\/?page_id=360\",\"url\":\"https:\/\/de.colaw.uobaghdad.edu.iq\/?page_id=360\",\"name\":\"Das Studium im Irak \u00a0f\u00fcr ausl\u00e4ndischen Student-innen - Hochschule f\u00fcr Rechtswissenschaften\",\"isPartOf\":{\"@id\":\"https:\/\/de.colaw.uobaghdad.edu.iq\/#website\"},\"datePublished\":\"2025-07-24T07:51:27+00:00\",\"dateModified\":\"2025-08-03T11:04:41+00:00\",\"breadcrumb\":{\"@id\":\"https:\/\/de.colaw.uobaghdad.edu.iq\/?page_id=360#breadcrumb\"},\"inLanguage\":\"de\",\"potentialAction\":[{\"@type\":\"ReadAction\",\"target\":[\"https:\/\/de.colaw.uobaghdad.edu.iq\/?page_id=360\"]}]},{\"@type\":\"BreadcrumbList\",\"@id\":\"https:\/\/de.colaw.uobaghdad.edu.iq\/?page_id=360#breadcrumb\",\"itemListElement\":[{\"@type\":\"ListItem\",\"position\":1,\"name\":\"Home\",\"item\":\"https:\/\/de.colaw.uobaghdad.edu.iq\/\"},{\"@type\":\"ListItem\",\"position\":2,\"name\":\"Das Studium im Irak \u00a0f\u00fcr ausl\u00e4ndischen Student-innen\"}]},{\"@type\":\"WebSite\",\"@id\":\"https:\/\/de.colaw.uobaghdad.edu.iq\/#website\",\"url\":\"https:\/\/de.colaw.uobaghdad.edu.iq\/\",\"name\":\"Hochschule f\u00fcr Rechtswissenschaften\",\"description\":\"University of baghdad\",\"potentialAction\":[{\"@type\":\"SearchAction\",\"target\":{\"@type\":\"EntryPoint\",\"urlTemplate\":\"https:\/\/de.colaw.uobaghdad.edu.iq\/?s={search_term_string}\"},\"query-input\":{\"@type\":\"PropertyValueSpecification\",\"valueRequired\":true,\"valueName\":\"search_term_string\"}}],\"inLanguage\":\"de\"}]}<\/script>\n<!-- \/ Yoast SEO plugin. -->","yoast_head_json":{"title":"Das Studium im Irak \u00a0f\u00fcr ausl\u00e4ndischen Student-innen - Hochschule f\u00fcr Rechtswissenschaften","robots":{"index":"index","follow":"follow","max-snippet":"max-snippet:-1","max-image-preview":"max-image-preview:large","max-video-preview":"max-video-preview:-1"},"canonical":"https:\/\/de.colaw.uobaghdad.edu.iq\/?page_id=360","og_locale":"de_DE","og_type":"article","og_title":"Das Studium im Irak \u00a0f\u00fcr ausl\u00e4ndischen Student-innen - Hochschule f\u00fcr Rechtswissenschaften","og_description":"Eine Vielzahl von Bachelor- und graduierten Studien sowie finanzierte Stipendien (einschlie\u00dflich ...","og_url":"https:\/\/de.colaw.uobaghdad.edu.iq\/?page_id=360","og_site_name":"Hochschule f\u00fcr Rechtswissenschaften","article_modified_time":"2025-08-03T11:04:41+00:00","twitter_card":"summary_large_image","twitter_misc":{"Gesch\u00e4tzte Lesezeit":"4\u00a0Minuten"},"schema":{"@context":"https:\/\/schema.org","@graph":[{"@type":"WebPage","@id":"https:\/\/de.colaw.uobaghdad.edu.iq\/?page_id=360","url":"https:\/\/de.colaw.uobaghdad.edu.iq\/?page_id=360","name":"Das Studium im Irak \u00a0f\u00fcr ausl\u00e4ndischen Student-innen - Hochschule f\u00fcr Rechtswissenschaften","isPartOf":{"@id":"https:\/\/de.colaw.uobaghdad.edu.iq\/#website"},"datePublished":"2025-07-24T07:51:27+00:00","dateModified":"2025-08-03T11:04:41+00:00","breadcrumb":{"@id":"https:\/\/de.colaw.uobaghdad.edu.iq\/?page_id=360#breadcrumb"},"inLanguage":"de","potentialAction":[{"@type":"ReadAction","target":["https:\/\/de.colaw.uobaghdad.edu.iq\/?page_id=360"]}]},{"@type":"BreadcrumbList","@id":"https:\/\/de.colaw.uobaghdad.edu.iq\/?page_id=360#breadcrumb","itemListElement":[{"@type":"ListItem","position":1,"name":"Home","item":"https:\/\/de.colaw.uobaghdad.edu.iq\/"},{"@type":"ListItem","position":2,"name":"Das Studium im Irak \u00a0f\u00fcr ausl\u00e4ndischen Student-innen"}]},{"@type":"WebSite","@id":"https:\/\/de.colaw.uobaghdad.edu.iq\/#website","url":"https:\/\/de.colaw.uobaghdad.edu.iq\/","name":"Hochschule f\u00fcr Rechtswissenschaften","description":"University of baghdad","potentialAction":[{"@type":"SearchAction","target":{"@type":"EntryPoint","urlTemplate":"https:\/\/de.colaw.uobaghdad.edu.iq\/?s={search_term_string}"},"query-input":{"@type":"PropertyValueSpecification","valueRequired":true,"valueName":"search_term_string"}}],"inLanguage":"de"}]}},"_links":{"self":[{"href":"https:\/\/de.colaw.uobaghdad.edu.iq\/index.php?rest_route=\/wp\/v2\/pages\/360","targetHints":{"allow":["GET"]}}],"collection":[{"href":"https:\/\/de.colaw.uobaghdad.edu.iq\/index.php?rest_route=\/wp\/v2\/pages"}],"about":[{"href":"https:\/\/de.colaw.uobaghdad.edu.iq\/index.php?rest_route=\/wp\/v2\/types\/page"}],"author":[{"embeddable":true,"href":"https:\/\/de.colaw.uobaghdad.edu.iq\/index.php?rest_route=\/wp\/v2\/users\/18"}],"replies":[{"embeddable":true,"href":"https:\/\/de.colaw.uobaghdad.edu.iq\/index.php?rest_route=%2Fwp%2Fv2%2Fcomments&post=360"}],"version-history":[{"count":3,"href":"https:\/\/de.colaw.uobaghdad.edu.iq\/index.php?rest_route=\/wp\/v2\/pages\/360\/revisions"}],"predecessor-version":[{"id":428,"href":"https:\/\/de.colaw.uobaghdad.edu.iq\/index.php?rest_route=\/wp\/v2\/pages\/360\/revisions\/428"}],"wp:attachment":[{"href":"https:\/\/de.colaw.uobaghdad.edu.iq\/index.php?rest_route=%2Fwp%2Fv2%2Fmedia&parent=360"}],"curies":[{"name":"wp","href":"https:\/\/api.w.org\/{rel}","templated":true}]}}